{"id":3,"date":"2025-08-25T16:18:49","date_gmt":"2025-08-25T14:18:49","guid":{"rendered":"https:\/\/puse2928.odns.fr\/?page_id=3"},"modified":"2025-09-09T17:09:47","modified_gmt":"2025-09-09T15:09:47","slug":"mentions-legales","status":"publish","type":"page","link":"https:\/\/sukemart.fr\/?page_id=3","title":{"rendered":"Mentions l\u00e9gales"},"content":{"rendered":"\n<p><\/p>\n\n\n\n<hr class=\"wp-block-separator has-alpha-channel-opacity\"\/>\n\n\n\n<p>Conform\u00e9ment aux dispositions des articles 6-III et 19 de la Loi n\u00b02004-575 du 21 juin 2004 pour la Confiance dans l\u2019\u00e9conomie num\u00e9rique (LCEN), il est port\u00e9 \u00e0 la connaissance des utilisateurs et visiteurs du site sukemart.fr les pr\u00e9sentes mentions l\u00e9gales.<\/p>\n\n\n\n<h3 class=\"wp-block-heading\"><strong>1. \u00c9diteur du site<\/strong><\/h3>\n\n\n\n<p><strong>Nom de l\u2019entreprise<\/strong>\u00a0: SARL DING &amp; Co<\/p>\n\n\n\n<p><strong>Forme juridique<\/strong>\u00a0: [SARL]<\/p>\n\n\n\n<p><strong>Num\u00e9ro SIRET<\/strong>\u00a0: [98995186800011]<\/p>\n\n\n\n<p><strong>Adresse du si\u00e8ge social<\/strong>\u00a0: [Le Surena, Face au 5 Quai Marcel Dassault, 92150, Suresnes]<\/p>\n\n\n\n<p><strong>Email<\/strong>&nbsp;: contact@sukemart.fr<\/p>\n\n\n\n<p><strong>Directeur de la publication<\/strong>\u00a0: [Yibo DING]<\/p>\n\n\n\n<hr class=\"wp-block-separator has-alpha-channel-opacity\"\/>\n\n\n\n<h3 class=\"wp-block-heading\"><strong>2. H\u00e9bergement du site<\/strong><\/h3>\n\n\n\n<p><strong>H\u00e9bergeur<\/strong>&nbsp;: o2switch<\/p>\n\n\n\n<p><strong>SAS au capital de 100 000 \u20ac<\/strong><\/p>\n\n\n\n<p><strong>RCS Clermont-Ferrand<\/strong>&nbsp;: 510 909 807<\/p>\n\n\n\n<p><strong>Adresse<\/strong>&nbsp;: 222 Boulevard Gustave Flaubert, 63000 Clermont-Ferrand, France<\/p>\n\n\n\n<p><strong>T\u00e9l\u00e9phone<\/strong>&nbsp;: 04 44 44 60 40<\/p>\n\n\n\n<p><strong>Site web<\/strong>&nbsp;:&nbsp;<a href=\"https:\/\/www.o2switch.fr\/\">https:\/\/www.o2switch.fr<\/a><\/p>\n\n\n\n<hr class=\"wp-block-separator has-alpha-channel-opacity\"\/>\n\n\n\n<h3 class=\"wp-block-heading\"><strong>3. Activit\u00e9<\/strong><\/h3>\n\n\n\n<p>Le site sukemart.fr est un site de commerce \u00e9lectronique proposant la vente de produits alimentaires import\u00e9s, principalement d\u2019origine asiatique. La livraison est assur\u00e9e directement par l\u2019\u00e9quipe de Sukemart, sans recours \u00e0 un prestataire externe.<\/p>\n\n\n\n<p>Certains produits propos\u00e9s \u00e0 la vente peuvent provenir d\u2019un conditionnement d\u2019origine plus grand, puis \u00eatre vendus \u00e0 l\u2019unit\u00e9 ou en plus petites quantit\u00e9s. Dans ce cas,\u00a0<strong>chaque unit\u00e9 conserve son emballage d\u2019origine du fabricant<\/strong>, intact, comportant toutes les informations l\u00e9gales obligatoires : origine, composition, date de p\u00e9remption, allerg\u00e8nes, etc.\u00a0<strong>Sukemart ne proc\u00e8de \u00e0 aucune transformation, reconditionnement ni manipulation directe des produits alimentaires.<\/strong><\/p>\n\n\n\n<hr class=\"wp-block-separator has-alpha-channel-opacity\"\/>\n\n\n\n<h3 class=\"wp-block-heading\"><strong>4. Propri\u00e9t\u00e9 intellectuelle<\/strong><\/h3>\n\n\n\n<p>L\u2019ensemble du contenu du site (textes, images, graphismes, logo, ic\u00f4nes, etc.) est la propri\u00e9t\u00e9 exclusive de Sukemart ou fait l\u2019objet d\u2019un droit d\u2019utilisation.<\/p>\n\n\n\n<p>Toute reproduction, repr\u00e9sentation, modification, publication, ou adaptation de tout ou partie des \u00e9l\u00e9ments du site est interdite, sauf autorisation \u00e9crite pr\u00e9alable.<\/p>\n\n\n\n<hr class=\"wp-block-separator has-alpha-channel-opacity\"\/>\n\n\n\n<h3 class=\"wp-block-heading\"><strong>5. Donn\u00e9es personnelles<\/strong><\/h3>\n\n\n\n<p>Conform\u00e9ment au R\u00e8glement G\u00e9n\u00e9ral sur la Protection des Donn\u00e9es (RGPD &#8211; UE 2016\/679), l\u2019utilisateur dispose d\u2019un droit d\u2019acc\u00e8s, de rectification, d\u2019opposition et de suppression de ses donn\u00e9es.<\/p>\n\n\n\n<p>Pour toute demande : contact@sukemart.fr<\/p>\n\n\n\n<p>Une politique de confidentialit\u00e9 d\u00e9taill\u00e9e est disponible ici : [Lien vers la Politique de confidentialit\u00e9]<\/p>\n\n\n\n<hr class=\"wp-block-separator has-alpha-channel-opacity\"\/>\n\n\n\n<h3 class=\"wp-block-heading\"><strong>6. Cookies<\/strong><\/h3>\n\n\n\n<p>Le site sukemart.fr utilise des cookies pour am\u00e9liorer la navigation, mesurer l\u2019audience, et proposer des services adapt\u00e9s.<\/p>\n\n\n\n<p>L\u2019utilisateur peut \u00e0 tout moment refuser ou configurer l\u2019usage des cookies via le bandeau pr\u00e9vu \u00e0 cet effet.<\/p>\n\n\n\n<hr class=\"wp-block-separator has-alpha-channel-opacity\"\/>\n\n\n\n<h3 class=\"wp-block-heading\"><strong>7. Responsabilit\u00e9<\/strong><\/h3>\n\n\n\n<p>L\u2019\u00e9diteur du site s\u2019efforce de fournir des informations aussi pr\u00e9cises que possible. Toutefois, il ne pourra \u00eatre tenu responsable des omissions, inexactitudes ou carences.<\/p>\n\n\n\n<hr class=\"wp-block-separator has-alpha-channel-opacity\"\/>\n\n\n\n<h3 class=\"wp-block-heading\"><strong>8. Droit applicable<\/strong><\/h3>\n\n\n\n<p>Les pr\u00e9sentes mentions l\u00e9gales sont r\u00e9gies par le droit fran\u00e7ais. En cas de litige, les tribunaux fran\u00e7ais seront seuls comp\u00e9tents.<\/p>\n\n\n\n<p><\/p>\n","protected":false},"excerpt":{"rendered":"<p>Conform\u00e9ment aux dispositions des articles 6-III et 19 de la Loi n\u00b02004-575 du 21 juin 2004 pour la Confiance dans l\u2019\u00e9conomie num\u00e9rique (LCEN), il est port\u00e9 \u00e0 la connaissance des utilisateurs et visiteurs du site sukemart.fr les pr\u00e9sentes mentions l\u00e9gales. 1. \u00c9diteur du site Nom de l\u2019entreprise\u00a0: SARL DING &amp; Co Forme juridique\u00a0: [SARL] Num\u00e9ro [&hellip;]<\/p>\n","protected":false},"author":1,"featured_media":0,"parent":452,"menu_order":0,"comment_status":"closed","ping_status":"closed","template":"","meta":{"footnotes":""},"class_list":["post-3","page","type-page","status-publish","hentry"],"blocksy_meta":[],"yoast_head":"<!-- This site is optimized with the Yoast SEO plugin v27.5 - https:\/\/yoast.com\/product\/yoast-seo-wordpress\/ -->\n<title>Mentions l\u00e9gales - Suk\u00e9mart<\/title>\n<meta name=\"robots\" content=\"index, follow, max-snippet:-1, max-image-preview:large, max-video-preview:-1\" \/>\n<link rel=\"canonical\" href=\"https:\/\/sukemart.fr\/?page_id=3\" \/>\n<meta property=\"og:locale\" content=\"en_US\" \/>\n<meta property=\"og:type\" content=\"article\" \/>\n<meta property=\"og:title\" content=\"Mentions l\u00e9gales - Suk\u00e9mart\" \/>\n<meta property=\"og:description\" content=\"Conform\u00e9ment aux dispositions des articles 6-III et 19 de la Loi n\u00b02004-575 du 21 juin 2004 pour la Confiance dans l\u2019\u00e9conomie num\u00e9rique (LCEN), il est port\u00e9 \u00e0 la connaissance des utilisateurs et visiteurs du site sukemart.fr les pr\u00e9sentes mentions l\u00e9gales. 1. \u00c9diteur du site Nom de l\u2019entreprise\u00a0: SARL DING &amp; Co Forme juridique\u00a0: [SARL] Num\u00e9ro [&hellip;]\" \/>\n<meta property=\"og:url\" content=\"https:\/\/sukemart.fr\/?page_id=3\" \/>\n<meta property=\"og:site_name\" content=\"Suk\u00e9mart\" \/>\n<meta property=\"article:modified_time\" content=\"2025-09-09T15:09:47+00:00\" \/>\n<meta name=\"twitter:card\" content=\"summary_large_image\" \/>\n<meta name=\"twitter:label1\" content=\"Est. reading time\" \/>\n\t<meta name=\"twitter:data1\" content=\"2 minutes\" \/>\n<script type=\"application\/ld+json\" class=\"yoast-schema-graph\">{\"@context\":\"https:\\\/\\\/schema.org\",\"@graph\":[{\"@type\":\"WebPage\",\"@id\":\"https:\\\/\\\/sukemart.fr\\\/?page_id=3\",\"url\":\"https:\\\/\\\/sukemart.fr\\\/?page_id=3\",\"name\":\"Mentions l\u00e9gales - Suk\u00e9mart\",\"isPartOf\":{\"@id\":\"https:\\\/\\\/sukemart.fr\\\/#website\"},\"datePublished\":\"2025-08-25T14:18:49+00:00\",\"dateModified\":\"2025-09-09T15:09:47+00:00\",\"breadcrumb\":{\"@id\":\"https:\\\/\\\/sukemart.fr\\\/?page_id=3#breadcrumb\"},\"inLanguage\":\"en-US\",\"potentialAction\":[{\"@type\":\"ReadAction\",\"target\":[\"https:\\\/\\\/sukemart.fr\\\/?page_id=3\"]}]},{\"@type\":\"BreadcrumbList\",\"@id\":\"https:\\\/\\\/sukemart.fr\\\/?page_id=3#breadcrumb\",\"itemListElement\":[{\"@type\":\"ListItem\",\"position\":1,\"name\":\"Home\",\"item\":\"https:\\\/\\\/sukemart.fr\\\/\"},{\"@type\":\"ListItem\",\"position\":2,\"name\":\"\u9996\u9875\",\"item\":\"https:\\\/\\\/sukemart.fr\\\/\"},{\"@type\":\"ListItem\",\"position\":3,\"name\":\"Mentions l\u00e9gales\"}]},{\"@type\":\"WebSite\",\"@id\":\"https:\\\/\\\/sukemart.fr\\\/#website\",\"url\":\"https:\\\/\\\/sukemart.fr\\\/\",\"name\":\"Suk\u00e9mart\",\"description\":\"\u4f60\u7684SKEMA\u751f\u6d3b\u8865\u7ed9\u7ad9\",\"potentialAction\":[{\"@type\":\"SearchAction\",\"target\":{\"@type\":\"EntryPoint\",\"urlTemplate\":\"https:\\\/\\\/sukemart.fr\\\/?s={search_term_string}\"},\"query-input\":{\"@type\":\"PropertyValueSpecification\",\"valueRequired\":true,\"valueName\":\"search_term_string\"}}],\"inLanguage\":\"en-US\"}]}<\/script>\n<!-- \/ Yoast SEO plugin. -->","yoast_head_json":{"title":"Mentions l\u00e9gales - Suk\u00e9mart","robots":{"index":"index","follow":"follow","max-snippet":"max-snippet:-1","max-image-preview":"max-image-preview:large","max-video-preview":"max-video-preview:-1"},"canonical":"https:\/\/sukemart.fr\/?page_id=3","og_locale":"en_US","og_type":"article","og_title":"Mentions l\u00e9gales - Suk\u00e9mart","og_description":"Conform\u00e9ment aux dispositions des articles 6-III et 19 de la Loi n\u00b02004-575 du 21 juin 2004 pour la Confiance dans l\u2019\u00e9conomie num\u00e9rique (LCEN), il est port\u00e9 \u00e0 la connaissance des utilisateurs et visiteurs du site sukemart.fr les pr\u00e9sentes mentions l\u00e9gales. 1. \u00c9diteur du site Nom de l\u2019entreprise\u00a0: SARL DING &amp; Co Forme juridique\u00a0: [SARL] Num\u00e9ro [&hellip;]","og_url":"https:\/\/sukemart.fr\/?page_id=3","og_site_name":"Suk\u00e9mart","article_modified_time":"2025-09-09T15:09:47+00:00","twitter_card":"summary_large_image","twitter_misc":{"Est. reading time":"2 minutes"},"schema":{"@context":"https:\/\/schema.org","@graph":[{"@type":"WebPage","@id":"https:\/\/sukemart.fr\/?page_id=3","url":"https:\/\/sukemart.fr\/?page_id=3","name":"Mentions l\u00e9gales - Suk\u00e9mart","isPartOf":{"@id":"https:\/\/sukemart.fr\/#website"},"datePublished":"2025-08-25T14:18:49+00:00","dateModified":"2025-09-09T15:09:47+00:00","breadcrumb":{"@id":"https:\/\/sukemart.fr\/?page_id=3#breadcrumb"},"inLanguage":"en-US","potentialAction":[{"@type":"ReadAction","target":["https:\/\/sukemart.fr\/?page_id=3"]}]},{"@type":"BreadcrumbList","@id":"https:\/\/sukemart.fr\/?page_id=3#breadcrumb","itemListElement":[{"@type":"ListItem","position":1,"name":"Home","item":"https:\/\/sukemart.fr\/"},{"@type":"ListItem","position":2,"name":"\u9996\u9875","item":"https:\/\/sukemart.fr\/"},{"@type":"ListItem","position":3,"name":"Mentions l\u00e9gales"}]},{"@type":"WebSite","@id":"https:\/\/sukemart.fr\/#website","url":"https:\/\/sukemart.fr\/","name":"Suk\u00e9mart","description":"\u4f60\u7684SKEMA\u751f\u6d3b\u8865\u7ed9\u7ad9","potentialAction":[{"@type":"SearchAction","target":{"@type":"EntryPoint","urlTemplate":"https:\/\/sukemart.fr\/?s={search_term_string}"},"query-input":{"@type":"PropertyValueSpecification","valueRequired":true,"valueName":"search_term_string"}}],"inLanguage":"en-US"}]}},"jetpack_sharing_enabled":true,"_links":{"self":[{"href":"https:\/\/sukemart.fr\/index.php?rest_route=\/wp\/v2\/pages\/3","targetHints":{"allow":["GET"]}}],"collection":[{"href":"https:\/\/sukemart.fr\/index.php?rest_route=\/wp\/v2\/pages"}],"about":[{"href":"https:\/\/sukemart.fr\/index.php?rest_route=\/wp\/v2\/types\/page"}],"author":[{"embeddable":true,"href":"https:\/\/sukemart.fr\/index.php?rest_route=\/wp\/v2\/users\/1"}],"replies":[{"embeddable":true,"href":"https:\/\/sukemart.fr\/index.php?rest_route=%2Fwp%2Fv2%2Fcomments&post=3"}],"version-history":[{"count":2,"href":"https:\/\/sukemart.fr\/index.php?rest_route=\/wp\/v2\/pages\/3\/revisions"}],"predecessor-version":[{"id":1842,"href":"https:\/\/sukemart.fr\/index.php?rest_route=\/wp\/v2\/pages\/3\/revisions\/1842"}],"up":[{"embeddable":true,"href":"https:\/\/sukemart.fr\/index.php?rest_route=\/wp\/v2\/pages\/452"}],"wp:attachment":[{"href":"https:\/\/sukemart.fr\/index.php?rest_route=%2Fwp%2Fv2%2Fmedia&parent=3"}],"curies":[{"name":"wp","href":"https:\/\/api.w.org\/{rel}","templated":true}]}}